{"id":1945,"date":"2023-10-03T12:13:26","date_gmt":"2023-10-03T10:13:26","guid":{"rendered":"https:\/\/www.lautredou.com\/?page_id=1945"},"modified":"2026-03-21T11:59:00","modified_gmt":"2026-03-21T10:59:00","slug":"biographie","status":"publish","type":"page","link":"https:\/\/www.lautredou.com\/en\/biographie\/","title":{"rendered":"Biography"},"content":{"rendered":"<!--themify_builder_content-->\n<div id=\"themify_builder_content-1945\" data-postid=\"1945\" class=\"themify_builder_content themify_builder_content-1945 themify_builder tf_clear\">\n                    <div  data-anchor=\"toiles\" data-css_id=\"6khz439\" data-lazy=\"1\" class=\"module_row themify_builder_row fullwidth tb_has_section tb_section-toiles tb_6khz439 tb_first tf_w\">\n                        <div class=\"row_inner col_align_top tb_col_count_1 tf_box tf_rel\">\n                        <div  data-lazy=\"1\" class=\"module_column tb-column col-full tb_qvw4440 first\">\n                    <!-- module text -->\n<div  class=\"module module-text tb_8tax440\" data-lazy=\"1\">\n        <div  class=\"tb_text_wrap\">\n        <h2 style=\"text-align: center;\">Biography<\/h2>    <\/div>\n<\/div>\n<!-- \/module text -->        <\/div>\n                        <\/div>\n        <\/div>\n                        <div  data-lazy=\"1\" class=\"module_row themify_builder_row tb_g37g142 tf_w\">\n                        <div class=\"row_inner col_align_top tb_col_count_1 tf_box tf_rel\">\n                        <div  data-lazy=\"1\" class=\"module_column tb-column col-full tb_zs3e142 first\">\n                    <!-- module text -->\n<div  class=\"module module-text tb_mwry171    wow\" data-tf-animation=\"fadeInUp\" data-lazy=\"1\">\n        <div  class=\"tb_text_wrap\">\n        <div class=\"titleBar\">\n<h1>BIOGRAPHY<\/h1>\n<\/div>\n<p style=\"text-align: left;\"><strong>1956<\/strong>. J.Y.LAUTR\u00e9DOU was born on 26 September in Annecy. From an early age, his mother introduced him to the fine arts. He drew and painted.<br><strong>1969.<\/strong> An avid black &amp; white photographer and printer, he also discovered mountaineering.<br><strong>1973.<\/strong> His consuming passion for the great north faces of the Alps distracted him from creation. He thought of becoming a guide.<br><strong>1976.<\/strong> After studying mechanical engineering and travelling extensively in Europe, he spent the winters from 1976 to 1989 in Val Thorens, travelling the rest of the year, mostly in Asia, where he discovered calligraphy and took up painting again.<br><strong>1982.\u00a0<\/strong>Becomes a professional photographer and starts illustrating, mainly with airbrushes.<br><strong>1984.<\/strong> As a designer, graphic artist and muralist, the sportsman plays an active role in the development of new boardsports.<br><strong>1986.<\/strong> Meeting Guiseppina Lavorata, it was love at first sight. Today they have two children. The owner of all his paintings, she is a wise and indispensable advisor and assistant.<br><strong>1991.<\/strong> Working for some of the biggest brands in board sports equipment, sportswear and ready-to-wear, as well as in Haute Couture, he bowed out, allergic to computers. Following a bet, he decided to exhibit his work and embark on a career as a painter.<br><strong>1993.<\/strong> The birth of his first son Ugo, his paintings br\u00fbl\u00e9es vives and his first solo exhibition, a year after his debut.<br><strong>1995. <\/strong>Part of the prestigious Jacques Sieverding collection (Holland). Discover the intricacies and complexity of professionalism.<br><strong>2002.<\/strong>\u00a0Birth of Pablo. Many of his paintings are to be found in private and public collections, but although he made his living from painting, it did not sustain him, and he frequently exchanged brushes for rollers... a painter from A to Z.<br><strong>2003.<\/strong> Permanent resident at the Crid'Art gallery created by B. Staudt, who has sponsored him since 1999.<br><strong>2005.<\/strong>\u00a0 Published in the magazines Azart, Art Actuel and Artension...<br><strong>2006.<\/strong>\u00a0Permanent resident at the BAM Gallery in Toulouse and the Tartaglia Gallery in Rome.<br><strong>2008.<\/strong> Obtains a rating by participating in several auctions at Drouot under the aegis of D.Stal and Aguttes.<br><strong>2010.<\/strong> Permanent resident at the Henri Minard gallery in Bordeaux and the Kulh gallery in Porto Fino (Italy)<br><strong>2012-2013.\u00a0<\/strong>Faced with the crisis in the art world, few canvases left the studio and new approaches to painting were born.<br><strong>2014.\u00a0<\/strong>A new series dedicated to Matsuo Bash\u00f4, accompanied by his haiku.<strong><br>2017<\/strong><strong>. <\/strong>Lautr\u00e9dou is eagerly rediscovering working on paper, in small and large formats.<br><strong>2019.\u00a0<\/strong>Large formats where drips and dilutions eliminate the need for brushes.<br><strong>2023.\u00a0<\/strong>All canvases are distributed exclusively by <span style=\"font-weight: bold;\">Cocot Lucano<\/span> . \u00a0 \u00a0 \u00a0 \u00a0 \u00a0 \u00a0 \u00a0 \u00a0<br><strong>2025.\u00a0<\/strong>Deciding on the improbable to capture the unforeseeable. \u00a0 \u00a0 \u00a0 \u00a0 \u00a0<\/p>\n<p style=\"text-align: left;\"><strong>2026. LAUTR\u00e9DOU puts\u00a0<\/strong><b>He took a break from painting to devote himself to sculpture.<\/b><\/p>    <\/div>\n<\/div>\n<!-- \/module text -->        <\/div>\n                        <\/div>\n        <\/div>\n                        <div  data-anchor=\"toiles\" data-css_id=\"wrhj812\" data-lazy=\"1\" class=\"module_row themify_builder_row fullwidth tb_has_section tb_section-toiles tb_wrhj812 tf_w\">\n                        <div class=\"row_inner col_align_top tb_col_count_1 tf_box tf_rel\">\n                        <div  data-lazy=\"1\" class=\"module_column tb-column col-full tb_edt0812 first\">\n                    <!-- module image -->\n<div  class=\"module module-image tb_8vfh737 image-top   tf_mw\" data-lazy=\"1\">\n        <div class=\"image-wrap tf_rel tf_mw\">\n            <img loading=\"lazy\" decoding=\"async\" width=\"2533\" height=\"1800\" src=\"https:\/\/www.lautredou.com\/wp-content\/uploads\/2025\/07\/bio.jpg\" class=\"wp-post-image wp-image-3285\" title=\"Screenshot\" alt=\"Screenshot\" srcset=\"https:\/\/www.lautredou.com\/wp-content\/uploads\/2025\/07\/bio.jpg 2533w, https:\/\/www.lautredou.com\/wp-content\/uploads\/2025\/07\/bio-300x213.jpg 300w, https:\/\/www.lautredou.com\/wp-content\/uploads\/2025\/07\/bio-1024x728.jpg 1024w, https:\/\/www.lautredou.com\/wp-content\/uploads\/2025\/07\/bio-768x546.jpg 768w, https:\/\/www.lautredou.com\/wp-content\/uploads\/2025\/07\/bio-1536x1092.jpg 1536w, https:\/\/www.lautredou.com\/wp-content\/uploads\/2025\/07\/bio-2048x1455.jpg 2048w\" sizes=\"auto, (max-width: 2533px) 100vw, 2533px\" \/>    \n        <\/div>\n    <!-- \/image-wrap -->\n    \n        <\/div>\n<!-- \/module image -->        <\/div>\n                        <\/div>\n        <\/div>\n        <\/div>\n<!--\/themify_builder_content-->\n<p>&nbsp;<\/p>","protected":false},"excerpt":{"rendered":"<p>Biographie BIOGRAPHIE 1956.\u00a0J.Y.LAUTR\u00e9DOU na\u00eet le 26 septembre \u00e0 Annecy. D\u00e8s son plus jeune \u00e2ge il est initi\u00e9 par sa m\u00e8re aux beaux Arts. Il dessine et peint.1969. Pratique assid\u00fbment la photo et le tirage noir &amp; blanc et d\u00e9couvre l\u2019alpinisme.1973. Sa passion d\u00e9vorante pour les grandes faces nord des Alpes l\u2019\u00e9loigne de la cr\u00e9ation. Il [&hellip;]<\/p>\n","protected":false},"author":1,"featured_media":0,"parent":0,"menu_order":0,"comment_status":"closed","ping_status":"closed","template":"","meta":{"_monsterinsights_skip_tracking":false,"_monsterinsights_sitenote_active":false,"_monsterinsights_sitenote_note":"","_monsterinsights_sitenote_category":0,"footnotes":""},"class_list":["post-1945","page","type-page","status-publish","hentry","has-post-title","has-post-date","has-post-category","has-post-tag","has-post-comment","has-post-author",""],"yoast_head":"<!-- This site is optimized with the Yoast SEO plugin v27.4 - https:\/\/yoast.com\/product\/yoast-seo-wordpress\/ -->\n<title>Biographie - LAUTR\u00e9DOU Jean-Yves<\/title>\n<meta name=\"robots\" content=\"index, follow, max-snippet:-1, max-image-preview:large, max-video-preview:-1\" \/>\n<link rel=\"canonical\" href=\"https:\/\/www.lautredou.com\/en\/biographie\/\" \/>\n<meta property=\"og:locale\" content=\"en_GB\" \/>\n<meta property=\"og:type\" content=\"article\" \/>\n<meta property=\"og:title\" content=\"Biographie - LAUTR\u00e9DOU Jean-Yves\" \/>\n<meta property=\"og:description\" content=\"Biographie BIOGRAPHIE 1956.\u00a0J.Y.LAUTR\u00e9DOU na\u00eet le 26 septembre \u00e0 Annecy. D\u00e8s son plus jeune \u00e2ge il est initi\u00e9 par sa m\u00e8re aux beaux Arts. Il dessine et peint.1969. Pratique assid\u00fbment la photo et le tirage noir &amp; blanc et d\u00e9couvre l\u2019alpinisme.1973. Sa passion d\u00e9vorante pour les grandes faces nord des Alpes l\u2019\u00e9loigne de la cr\u00e9ation. Il [&hellip;]\" \/>\n<meta property=\"og:url\" content=\"https:\/\/www.lautredou.com\/en\/biographie\/\" \/>\n<meta property=\"og:site_name\" content=\"LAUTR\u00e9DOU Jean-Yves\" \/>\n<meta property=\"article:modified_time\" content=\"2026-03-21T10:59:00+00:00\" \/>\n<meta property=\"og:image\" content=\"https:\/\/www.lautredou.com\/wp-content\/uploads\/2025\/07\/bio-1024x728.jpg\" \/>\n\t<meta property=\"og:image:width\" content=\"1024\" \/>\n\t<meta property=\"og:image:height\" content=\"728\" \/>\n\t<meta property=\"og:image:type\" content=\"image\/jpeg\" \/>\n<meta name=\"twitter:card\" content=\"summary_large_image\" \/>\n<meta name=\"twitter:label1\" content=\"Estimated reading time\" \/>\n\t<meta name=\"twitter:data1\" content=\"3 minutes\" \/>\n<script type=\"application\/ld+json\" class=\"yoast-schema-graph\">{\"@context\":\"https:\\\/\\\/schema.org\",\"@graph\":[{\"@type\":\"WebPage\",\"@id\":\"https:\\\/\\\/www.lautredou.com\\\/biographie\\\/\",\"url\":\"https:\\\/\\\/www.lautredou.com\\\/biographie\\\/\",\"name\":\"Biographie - LAUTR\u00e9DOU Jean-Yves\",\"isPartOf\":{\"@id\":\"https:\\\/\\\/www.lautredou.com\\\/#website\"},\"primaryImageOfPage\":{\"@id\":\"https:\\\/\\\/www.lautredou.com\\\/biographie\\\/#primaryimage\"},\"image\":{\"@id\":\"https:\\\/\\\/www.lautredou.com\\\/biographie\\\/#primaryimage\"},\"thumbnailUrl\":\"https:\\\/\\\/www.lautredou.com\\\/wp-content\\\/uploads\\\/2025\\\/07\\\/bio.jpg\",\"datePublished\":\"2023-10-03T10:13:26+00:00\",\"dateModified\":\"2026-03-21T10:59:00+00:00\",\"breadcrumb\":{\"@id\":\"https:\\\/\\\/www.lautredou.com\\\/biographie\\\/#breadcrumb\"},\"inLanguage\":\"en-GB\",\"potentialAction\":[{\"@type\":\"ReadAction\",\"target\":[\"https:\\\/\\\/www.lautredou.com\\\/biographie\\\/\"]}]},{\"@type\":\"ImageObject\",\"inLanguage\":\"en-GB\",\"@id\":\"https:\\\/\\\/www.lautredou.com\\\/biographie\\\/#primaryimage\",\"url\":\"https:\\\/\\\/www.lautredou.com\\\/wp-content\\\/uploads\\\/2025\\\/07\\\/bio.jpg\",\"contentUrl\":\"https:\\\/\\\/www.lautredou.com\\\/wp-content\\\/uploads\\\/2025\\\/07\\\/bio.jpg\"},{\"@type\":\"BreadcrumbList\",\"@id\":\"https:\\\/\\\/www.lautredou.com\\\/biographie\\\/#breadcrumb\",\"itemListElement\":[{\"@type\":\"ListItem\",\"position\":1,\"name\":\"Accueil\",\"item\":\"https:\\\/\\\/www.lautredou.com\\\/\"},{\"@type\":\"ListItem\",\"position\":2,\"name\":\"Biographie\"}]},{\"@type\":\"WebSite\",\"@id\":\"https:\\\/\\\/www.lautredou.com\\\/#website\",\"url\":\"https:\\\/\\\/www.lautredou.com\\\/\",\"name\":\"LAUTR\u00e9DOU Jean-Yves\",\"description\":\"Artiste peintre\",\"potentialAction\":[{\"@type\":\"SearchAction\",\"target\":{\"@type\":\"EntryPoint\",\"urlTemplate\":\"https:\\\/\\\/www.lautredou.com\\\/?s={search_term_string}\"},\"query-input\":{\"@type\":\"PropertyValueSpecification\",\"valueRequired\":true,\"valueName\":\"search_term_string\"}}],\"inLanguage\":\"en-GB\"}]}<\/script>\n<!-- \/ Yoast SEO plugin. -->","yoast_head_json":{"title":"Biography - LAUTR\u00e9DOU Jean-Yves","robots":{"index":"index","follow":"follow","max-snippet":"max-snippet:-1","max-image-preview":"max-image-preview:large","max-video-preview":"max-video-preview:-1"},"canonical":"https:\/\/www.lautredou.com\/en\/biographie\/","og_locale":"en_GB","og_type":"article","og_title":"Biographie - LAUTR\u00e9DOU Jean-Yves","og_description":"Biographie BIOGRAPHIE 1956.\u00a0J.Y.LAUTR\u00e9DOU na\u00eet le 26 septembre \u00e0 Annecy. D\u00e8s son plus jeune \u00e2ge il est initi\u00e9 par sa m\u00e8re aux beaux Arts. Il dessine et peint.1969. Pratique assid\u00fbment la photo et le tirage noir &amp; blanc et d\u00e9couvre l\u2019alpinisme.1973. Sa passion d\u00e9vorante pour les grandes faces nord des Alpes l\u2019\u00e9loigne de la cr\u00e9ation. Il [&hellip;]","og_url":"https:\/\/www.lautredou.com\/en\/biographie\/","og_site_name":"LAUTR\u00e9DOU Jean-Yves","article_modified_time":"2026-03-21T10:59:00+00:00","og_image":[{"width":1024,"height":728,"url":"https:\/\/www.lautredou.com\/wp-content\/uploads\/2025\/07\/bio-1024x728.jpg","type":"image\/jpeg"}],"twitter_card":"summary_large_image","twitter_misc":{"Estimated reading time":"3 minutes"},"schema":{"@context":"https:\/\/schema.org","@graph":[{"@type":"WebPage","@id":"https:\/\/www.lautredou.com\/biographie\/","url":"https:\/\/www.lautredou.com\/biographie\/","name":"Biography - LAUTR\u00e9DOU Jean-Yves","isPartOf":{"@id":"https:\/\/www.lautredou.com\/#website"},"primaryImageOfPage":{"@id":"https:\/\/www.lautredou.com\/biographie\/#primaryimage"},"image":{"@id":"https:\/\/www.lautredou.com\/biographie\/#primaryimage"},"thumbnailUrl":"https:\/\/www.lautredou.com\/wp-content\/uploads\/2025\/07\/bio.jpg","datePublished":"2023-10-03T10:13:26+00:00","dateModified":"2026-03-21T10:59:00+00:00","breadcrumb":{"@id":"https:\/\/www.lautredou.com\/biographie\/#breadcrumb"},"inLanguage":"en-GB","potentialAction":[{"@type":"ReadAction","target":["https:\/\/www.lautredou.com\/biographie\/"]}]},{"@type":"ImageObject","inLanguage":"en-GB","@id":"https:\/\/www.lautredou.com\/biographie\/#primaryimage","url":"https:\/\/www.lautredou.com\/wp-content\/uploads\/2025\/07\/bio.jpg","contentUrl":"https:\/\/www.lautredou.com\/wp-content\/uploads\/2025\/07\/bio.jpg"},{"@type":"BreadcrumbList","@id":"https:\/\/www.lautredou.com\/biographie\/#breadcrumb","itemListElement":[{"@type":"ListItem","position":1,"name":"Accueil","item":"https:\/\/www.lautredou.com\/"},{"@type":"ListItem","position":2,"name":"Biographie"}]},{"@type":"WebSite","@id":"https:\/\/www.lautredou.com\/#website","url":"https:\/\/www.lautredou.com\/","name":"LAUTR\u00e9DOU Jean-Yves","description":"Painter","potentialAction":[{"@type":"SearchAction","target":{"@type":"EntryPoint","urlTemplate":"https:\/\/www.lautredou.com\/?s={search_term_string}"},"query-input":{"@type":"PropertyValueSpecification","valueRequired":true,"valueName":"search_term_string"}}],"inLanguage":"en-GB"}]}},"builder_content":"<h2 style=\"text-align: center;\">Biographie<\/h2>\n<h1>BIOGRAPHIE<\/h1>\n<p style=\"text-align: left;\"><strong>1956<\/strong>.\u00a0J.Y.LAUTR\u00e9DOU na\u00eet le 26 septembre \u00e0 Annecy. D\u00e8s son plus jeune \u00e2ge il est initi\u00e9 par sa m\u00e8re aux beaux Arts. Il dessine et peint.<br><strong>1969.<\/strong> Pratique assid\u00fbment la photo et le tirage noir &amp; blanc et d\u00e9couvre l\u2019alpinisme.<br><strong>1973.<\/strong> Sa passion d\u00e9vorante pour les grandes faces nord des Alpes l\u2019\u00e9loigne de la cr\u00e9ation. Il pense devenir guide.<br><strong>1976.<\/strong> Apr\u00e8s de mauvaises \u00e9tudes de construction m\u00e9canique et de rapides voyages en Europe, il passe ces hivers de 1976 \u00e0 1989 \u00e0 Val Thorens, voyageant le reste de l'ann\u00e9e, le plus souvent en Asie o\u00f9 il d\u00e9couvre la calligraphie et renoue avec la peinture.<br><strong>1982.\u00a0<\/strong>Devient photographe professionnel et se lance dans l\u2019illustration, principalement \u00e0 l'a\u00e9rographe.<br><strong>1984.<\/strong> Cr\u00e9ateur, graphiste, muraliste, le sportif participe activement \u00e0 l\u2019\u00e9laboration des nouvelles glisses.<br><strong>1986.<\/strong> Rencontre de Guiseppina Lavorata, c\u2019est le coup de foudre. Aujourd\u2019hui ils ont deux enfants. Propri\u00e9taire de toutes ses toiles, c\u2019est une conseill\u00e8re et assistante avis\u00e9e, indispensable.<br><strong>1991.<\/strong> Travaillant pour les plus grandes marques de mat\u00e9riels de glisse, de sportswear, de pr\u00eat-\u00e0-porter, ainsi que dans la Haute Couture, il tire sa r\u00e9v\u00e9rence, allergique aux ordinateurs. Suite \u00e0 un pari, il d\u00e9cide d\u2019exposer et d\u2019entamer une carri\u00e8re de peintre.<br><strong>1993.<\/strong> Naissance d\u2019Ugo son premier fils, des peintures br\u00fbl\u00e9es vives et de sa premi\u00e8re expo personnelle, un an apr\u00e8s ses d\u00e9buts.<br><strong>1995. <\/strong>Rentre dans la prestigieuse collection Jacques Sieverding (Hollande). D\u00e9couverte des m\u00e9andres et de la complexit\u00e9 du professionnalisme.<br><strong>2002.<\/strong>\u00a0Naissance de Pablo. De nombreuses toiles font parties de collections priv\u00e9es et publiques, mais s\u2019il vit par la peinture, celle-ci ne le fait pas vivre et il \u00e9change fr\u00e9quemment pinceaux contre rouleaux\u2026 peintre de A \u00e0 Z.<br><strong>2003.<\/strong> R\u00e9sident permanent \u00e0 la galerie Crid\u2019Art cr\u00e9\u00e9e par B. Staudt qui le parrainait depuis 1999.<br><strong>2005.<\/strong>\u00a0 Parutions dans les magazines Azart, Art Actuel et Artension\u2026<br><strong>2006.<\/strong>\u00a0R\u00e9sident permanent \u00e0 la BAM Gallery de Toulouse et \u00e0 la galerie Tartaglia de Rome.<br><strong>2008.<\/strong> Obtient une c\u00f4te en participant \u00e0 plusieurs ventes aux ench\u00e8res chez Drouot sous l'\u00e9gide de D.Stal et Aguttes.<br><strong>2010.<\/strong> R\u00e9sident permanent aux galeries Henri Minard de Bordeaux et Kulh de Porto Fino (Italie)<br><strong>2012-2013.\u00a0<\/strong>Face \u00e0 la crise qui frappe le monde de l\u2019Art, peu de toiles sortent de l\u2019atelier, de nouvelles d\u00e9marches picturales naissent.<br><strong>2014.\u00a0<\/strong>Une nouvelle s\u00e9rie d\u00e9di\u00e9 \u00e0 Matsuo Bash\u00f4 accompagn\u00e9e de ses ha\u00efkus.<strong><br>2017<\/strong><strong>. <\/strong>Lautr\u00e9dou red\u00e9couvre \u00a0avec gourmandise le travail sur papier, en petits et grands formats.<br><strong>2019.\u00a0<\/strong>Grands formats o\u00f9 coulures et dilutions suppriment les pinceaux.<br><strong>2023.\u00a0<\/strong>L'ensemble des toiles est distribu\u00e9 exclusivement par Cocot Lucano . \u00a0 \u00a0 \u00a0 \u00a0 \u00a0 \u00a0 \u00a0 \u00a0<br><strong>2025.\u00a0<\/strong>D\u00e9cider l'improbable pour recueillir l'impr\u00e9visible. \u00a0 \u00a0 \u00a0 \u00a0 \u00a0<\/p> <p style=\"text-align: left;\"><strong>2026. LAUTR\u00e9DOU met entre\u00a0<\/strong><b>parenth\u00e8se la peinture pour se consacrer \u00e0 la sculpture.<\/b><\/p>\n<img src=\"https:\/\/www.lautredou.com\/wp-content\/uploads\/2025\/07\/bio.jpg\" title=\"Screenshot\" alt=\"Screenshot\" srcset=\"https:\/\/www.lautredou.com\/wp-content\/uploads\/2025\/07\/bio.jpg 2533w, https:\/\/www.lautredou.com\/wp-content\/uploads\/2025\/07\/bio-300x213.jpg 300w, https:\/\/www.lautredou.com\/wp-content\/uploads\/2025\/07\/bio-1024x728.jpg 1024w, https:\/\/www.lautredou.com\/wp-content\/uploads\/2025\/07\/bio-768x546.jpg 768w, https:\/\/www.lautredou.com\/wp-content\/uploads\/2025\/07\/bio-1536x1092.jpg 1536w, https:\/\/www.lautredou.com\/wp-content\/uploads\/2025\/07\/bio-2048x1455.jpg 2048w\" sizes=\"(max-width: 2533px) 100vw, 2533px\" \/>","_links":{"self":[{"href":"https:\/\/www.lautredou.com\/en\/wp-json\/wp\/v2\/pages\/1945","targetHints":{"allow":["GET"]}}],"collection":[{"href":"https:\/\/www.lautredou.com\/en\/wp-json\/wp\/v2\/pages"}],"about":[{"href":"https:\/\/www.lautredou.com\/en\/wp-json\/wp\/v2\/types\/page"}],"author":[{"embeddable":true,"href":"https:\/\/www.lautredou.com\/en\/wp-json\/wp\/v2\/users\/1"}],"replies":[{"embeddable":true,"href":"https:\/\/www.lautredou.com\/en\/wp-json\/wp\/v2\/comments?post=1945"}],"version-history":[{"count":28,"href":"https:\/\/www.lautredou.com\/en\/wp-json\/wp\/v2\/pages\/1945\/revisions"}],"predecessor-version":[{"id":3614,"href":"https:\/\/www.lautredou.com\/en\/wp-json\/wp\/v2\/pages\/1945\/revisions\/3614"}],"wp:attachment":[{"href":"https:\/\/www.lautredou.com\/en\/wp-json\/wp\/v2\/media?parent=1945"}],"curies":[{"name":"wp","href":"https:\/\/api.w.org\/{rel}","templated":true}]}}